{"id":213,"date":"2023-12-20T10:53:54","date_gmt":"2023-12-20T10:53:54","guid":{"rendered":"https:\/\/waterbarca.com\/?page_id=213"},"modified":"2023-12-20T15:07:48","modified_gmt":"2023-12-20T15:07:48","slug":"jeeps","status":"publish","type":"page","link":"https:\/\/waterbarca.com\/fr\/jipes\/","title":{"rendered":"Jeeps"},"content":{"rendered":"<p>[et_pb_section fb_built=&#8221;1&#8243; fullwidth=&#8221;on&#8221; _builder_version=&#8221;4.22.2&#8243; _module_preset=&#8221;default&#8221; top_divider_color=&#8221;#53B6B3&#8243; top_divider_height=&#8221;48px&#8221; top_divider_repeat=&#8221;1x&#8221; bottom_divider_style=&#8221;waves2&#8243; bottom_divider_color=&#8221;#53B6B3&#8243; collapsed=&#8221;on&#8221; global_colors_info=&#8221;{}&#8221;][et_pb_fullwidth_slider _builder_version=&#8221;4.23.1&#8243; _module_preset=&#8221;default&#8221; header_font_size=&#8221;5rem&#8221; global_colors_info=&#8221;{}&#8221;][et_pb_slide heading=&#8221;Jipes&#8221; use_bg_overlay=&#8221;on&#8221; use_text_overlay=&#8221;off&#8221; _builder_version=&#8221;4.23.1&#8243; _module_preset=&#8221;default&#8221; background_image=&#8221;https:\/\/waterbarca.com\/wp-content\/uploads\/2023\/12\/c433700c-222a-48fd-8105-0a4e03b71180_out-1600&#215;992.jpg&#8221; background_enable_image=&#8221;on&#8221; global_colors_info=&#8221;{}&#8221; sticky_transition=&#8221;on&#8221;][\/et_pb_slide][\/et_pb_fullwidth_slider][\/et_pb_section][et_pb_section fb_built=&#8221;1&#8243; admin_label=&#8221;Events&#8221; _builder_version=&#8221;4.23.1&#8243; _module_preset=&#8221;36616c99-130f-443d-aade-26dc017ac732&#8243; collapsed=&#8221;on&#8221; global_colors_info=&#8221;{}&#8221;][et_pb_row _builder_version=&#8221;4.23.1&#8243; _module_preset=&#8221;default&#8221; global_colors_info=&#8221;{}&#8221;][et_pb_column type=&#8221;4_4&#8243; _builder_version=&#8221;4.23.1&#8243; _module_preset=&#8221;default&#8221; global_colors_info=&#8221;{}&#8221;][et_pb_text _builder_version=&#8221;4.23.1&#8243; _module_preset=&#8221;ab920f29-2fab-41f3-99b7-1c1ac574ad7f&#8221; global_colors_info=&#8221;{}&#8221;]<\/p>\n<h3>Passeios de Jipe<\/h3>\n<p>Projetados para agradar a todos, desde aventureiros em busca de emo\u00e7\u00f5es at\u00e9 fam\u00edlias, combinam a adrenalina da condu\u00e7\u00e3o off-road com paragens estrat\u00e9gicas para admirar a paisagem, tirar fotos incr\u00edveis e aprender sobre a fauna, flora e hist\u00f3ria da regi\u00e3o.<\/p>\n<p><strong><\/strong><\/p>\n<p class=\"pageTitle xxsmall-12\"><strong>Explore paisagens deslumbrantes,<\/strong><span>\u00a0<\/span>trilhas empolgantes e locais de beleza natural inigual\u00e1vel enquanto atravessa terrenos dif\u00edceis.<\/p>\n<p>Os passeios de jipe s\u00e3o projetados para agradar a todos, desde aventureiros em busca de emo\u00e7\u00f5es at\u00e9 fam\u00edlias que desejam desfrutar de uma experi\u00eancia divertida e educativa.<span>\u00a0<\/span><strong>Combinam a adrenalina da condu\u00e7\u00e3o off-road com paragens estrat\u00e9gicas para admirar a paisagem, tirar fotos incr\u00edveis e aprender sobre a fauna, flora e hist\u00f3ria da regi\u00e3o.<\/strong><span><\/span><\/p>\n<p>[\/et_pb_text][\/et_pb_column][\/et_pb_row][\/et_pb_section][et_pb_section fb_built=&#8221;1&#8243; admin_label=&#8221;Feature&#8221; _builder_version=&#8221;4.23.1&#8243; use_background_color_gradient=&#8221;on&#8221; background_color_gradient_direction=&#8221;90deg&#8221; background_color_gradient_stops=&#8221;#242e42 0%|rgba(36,46,66,0.8) 61%&#8221; background_color_gradient_overlays_image=&#8221;on&#8221; background_color_gradient_start=&#8221;#242e42&#8243; background_color_gradient_end=&#8221;rgba(36,46,66,0.8)&#8221; background_color_gradient_end_position=&#8221;61%&#8221; background_image=&#8221;https:\/\/waterbarca.com\/wp-content\/uploads\/2023\/11\/EA1076AC-57A1-437C-96DD-DC1CC9292FA4-scaled.jpg&#8221; background_position=&#8221;bottom_center&#8221; custom_padding=&#8221;||10vh||false|false&#8221; global_module=&#8221;259&#8243; saved_tabs=&#8221;all&#8221; locked=&#8221;off&#8221; collapsed=&#8221;on&#8221; global_colors_info=&#8221;{}&#8221;][et_pb_row column_structure=&#8221;1_2,1_2&#8243; _builder_version=&#8221;4.16&#8243; z_index=&#8221;1&#8243; global_colors_info=&#8221;{}&#8221;][et_pb_column type=&#8221;1_2&#8243; _builder_version=&#8221;4.16&#8243; custom_padding=&#8221;|||&#8221; global_colors_info=&#8221;{}&#8221; custom_padding__hover=&#8221;|||&#8221;][et_pb_text _builder_version=&#8221;4.23.1&#8243; text_font=&#8221;Lato||||||||&#8221; text_font_size=&#8221;28px&#8221; text_line_height=&#8221;1.8em&#8221; background_layout=&#8221;dark&#8221; custom_margin=&#8221;|||||&#8221; custom_margin_phone=&#8221;|||0vw&#8221; custom_margin_last_edited=&#8221;off|desktop&#8221; custom_padding=&#8221;||&#8221; global_colors_info=&#8221;{}&#8221;]<\/p>\n<p><span>Desfrute de momentos inesquec\u00edveis<\/span><\/p>\n<p>[\/et_pb_text][et_pb_divider show_divider=&#8221;off&#8221; _builder_version=&#8221;4.23.1&#8243; min_height=&#8221;550px&#8221; min_height_tablet=&#8221;100px&#8221; min_height_phone=&#8221;&#8221; min_height_last_edited=&#8221;on|desktop&#8221; custom_padding=&#8221;||36px|||&#8221; hover_enabled=&#8221;0&#8243; border_width_all=&#8221;40px&#8221; border_color_all=&#8221;#53B6B3&#8243; border_width_all_tablet=&#8221;20px&#8221; border_width_all_phone=&#8221;3px&#8221; border_width_all_last_edited=&#8221;on|desktop&#8221; box_shadow_style=&#8221;preset1&#8243; box_shadow_blur=&#8221;33px&#8221; box_shadow_spread=&#8221;22px&#8221; box_shadow_color=&#8221;#242e42&#8243; global_colors_info=&#8221;{}&#8221; sticky_enabled=&#8221;0&#8243;][\/et_pb_divider][\/et_pb_column][et_pb_column type=&#8221;1_2&#8243; _builder_version=&#8221;4.16&#8243; custom_padding=&#8221;160px|||&#8221; custom_padding_tablet=&#8221;0px||&#8221; custom_padding_phone=&#8221;0px||&#8221; custom_padding_last_edited=&#8221;on|desktop&#8221; global_colors_info=&#8221;{}&#8221; custom_padding__hover=&#8221;|||&#8221;][et_pb_text _builder_version=&#8221;4.23.1&#8243; text_font=&#8221;Lato|700|||||||&#8221; header_font=&#8221;Lato||||||||&#8221; header_2_font=&#8221;Lato|700|||||||&#8221; header_2_font_size=&#8221;120px&#8221; background_layout=&#8221;dark&#8221; custom_margin=&#8221;|||-400px&#8221; custom_margin_tablet=&#8221;-65px|||75px|false|false&#8221; custom_margin_phone=&#8221;-75px|||50px|false|false&#8221; custom_margin_last_edited=&#8221;on|tablet&#8221; hover_enabled=&#8221;0&#8243; header_2_font_size_tablet=&#8221;45px&#8221; header_2_font_size_phone=&#8221;20px&#8221; header_2_font_size_last_edited=&#8221;on|phone&#8221; header_2_text_shadow_style=&#8221;preset1&#8243; header_2_text_shadow_color=&#8221;rgba(36,46,66,0.39)&#8221; global_colors_info=&#8221;{}&#8221; sticky_enabled=&#8221;0&#8243;]<\/p>\n<h2>Atividades em Destaque<\/h2>\n<p>[\/et_pb_text][et_pb_blurb title=&#8221;Aluguer de Barcos El\u00e9tricos no Rio Lima&#8221; use_icon=&#8221;on&#8221; font_icon=&#8221;&#x52;||divi||400&#8243; icon_color=&#8221;#53B6B3&#8243; icon_placement=&#8221;left&#8221; image_icon_width=&#8221;26px&#8221; _builder_version=&#8221;4.23.1&#8243; header_font=&#8221;Lato||||||||&#8221; header_font_size=&#8221;18px&#8221; header_line_height=&#8221;1.4em&#8221; background_layout=&#8221;dark&#8221; custom_margin=&#8221;||8px&#8221; animation=&#8221;off&#8221; icon_font_size=&#8221;26px&#8221; global_colors_info=&#8221;{}&#8221;][\/et_pb_blurb][et_pb_blurb title=&#8221;Passeios de Jipe Exclusivos&#8221; use_icon=&#8221;on&#8221; font_icon=&#8221;&#x52;||divi||400&#8243; icon_color=&#8221;#53B6B3&#8243; icon_placement=&#8221;left&#8221; image_icon_width=&#8221;26px&#8221; _builder_version=&#8221;4.23.1&#8243; header_font=&#8221;Lato||||||||&#8221; header_font_size=&#8221;18px&#8221; header_line_height=&#8221;1.4em&#8221; background_layout=&#8221;dark&#8221; custom_margin=&#8221;||8px&#8221; animation=&#8221;off&#8221; icon_font_size=&#8221;26px&#8221; global_colors_info=&#8221;{}&#8221;][\/et_pb_blurb][et_pb_blurb title=&#8221;Passeios de Moto 4&#8243; use_icon=&#8221;on&#8221; font_icon=&#8221;&#x52;||divi||400&#8243; icon_color=&#8221;#53B6B3&#8243; icon_placement=&#8221;left&#8221; image_icon_width=&#8221;26px&#8221; _builder_version=&#8221;4.23.1&#8243; header_font=&#8221;Lato||||||||&#8221; header_font_size=&#8221;18px&#8221; header_line_height=&#8221;1.4em&#8221; background_layout=&#8221;dark&#8221; custom_margin=&#8221;||8px&#8221; animation=&#8221;off&#8221; icon_font_size=&#8221;26px&#8221; global_colors_info=&#8221;{}&#8221;][\/et_pb_blurb][et_pb_blurb title=&#8221;Passeios de Bicicleta&#8221; use_icon=&#8221;on&#8221; font_icon=&#8221;&#x52;||divi||400&#8243; icon_color=&#8221;#53B6B3&#8243; icon_placement=&#8221;left&#8221; image_icon_width=&#8221;26px&#8221; _builder_version=&#8221;4.23.1&#8243; header_font=&#8221;Lato||||||||&#8221; header_font_size=&#8221;18px&#8221; header_line_height=&#8221;1.4em&#8221; background_layout=&#8221;dark&#8221; custom_margin=&#8221;||8px&#8221; animation=&#8221;off&#8221; icon_font_size=&#8221;26px&#8221; global_colors_info=&#8221;{}&#8221;][\/et_pb_blurb][et_pb_blurb title=&#8221;Passeios de Gaivota&#8221; use_icon=&#8221;on&#8221; font_icon=&#8221;&#x52;||divi||400&#8243; icon_color=&#8221;#53B6B3&#8243; icon_placement=&#8221;left&#8221; image_icon_width=&#8221;26px&#8221; _builder_version=&#8221;4.23.1&#8243; header_font=&#8221;Lato||||||||&#8221; header_font_size=&#8221;18px&#8221; header_line_height=&#8221;1.4em&#8221; background_layout=&#8221;dark&#8221; custom_margin=&#8221;||8px&#8221; animation=&#8221;off&#8221; icon_font_size=&#8221;26px&#8221; global_colors_info=&#8221;{}&#8221;][\/et_pb_blurb][et_pb_button button_url=&#8221;@ET-DC@eyJkeW5hbWljIjp0cnVlLCJjb250ZW50IjoicG9zdF9saW5rX3VybF9wYWdlIiwic2V0dGluZ3MiOnsicG9zdF9pZCI6IjIzNiJ9fQ==@&#8221; button_text=&#8221;Reservar&#8221; button_alignment=&#8221;left&#8221; _builder_version=&#8221;4.23.1&#8243; _dynamic_attributes=&#8221;button_url&#8221; custom_button=&#8221;on&#8221; button_text_size=&#8221;14px&#8221; button_text_color=&#8221;#FFFFFF&#8221; button_bg_color=&#8221;#53B6B3&#8243; button_border_color=&#8221;rgba(0,0,0,0)&#8221; button_border_radius=&#8221;0px&#8221; button_letter_spacing=&#8221;4px&#8221; button_font=&#8221;Lato|700||on|||||&#8221; button_icon=&#8221;&#x24;||divi||400&#8243; custom_margin=&#8221;40px||&#8221; custom_padding=&#8221;15px|40px|15px|40px|true|true&#8221; locked=&#8221;off&#8221; global_colors_info=&#8221;{}&#8221;][\/et_pb_button][\/et_pb_column][\/et_pb_row][\/et_pb_section][et_pb_section fb_built=&#8221;1&#8243; admin_label=&#8221;Promo&#8221; _builder_version=&#8221;4.16&#8243; collapsed=&#8221;on&#8221; global_colors_info=&#8221;{}&#8221; global_module=&#8221;268&#8243; theme_builder_area=&#8221;post_content&#8221;][et_pb_row _builder_version=&#8221;4.16&#8243; locked=&#8221;off&#8221; global_colors_info=&#8221;{}&#8221; theme_builder_area=&#8221;post_content&#8221;][et_pb_column type=&#8221;4_4&#8243; _builder_version=&#8221;4.16&#8243; custom_padding=&#8221;|||&#8221; global_colors_info=&#8221;{}&#8221; custom_padding__hover=&#8221;|||&#8221; theme_builder_area=&#8221;post_content&#8221;][et_pb_text _builder_version=&#8221;4.23.1&#8243; text_font=&#8221;Lato||||||||&#8221; text_text_color=&#8221;#53B6B3&#8243; header_font=&#8221;Lato||||||||&#8221; header_text_color=&#8221;#53B6B3&#8243; header_2_font=&#8221;Lato|700|||||||&#8221; header_2_font_size=&#8221;60px&#8221; header_2_line_height=&#8221;1.2em&#8221; text_orientation=&#8221;center&#8221; max_width=&#8221;700px&#8221; module_alignment=&#8221;center&#8221; custom_margin=&#8221;||15px&#8221; header_2_font_size_tablet=&#8221;42px&#8221; header_2_font_size_phone=&#8221;30px&#8221; header_2_font_size_last_edited=&#8221;on|tablet&#8221; locked=&#8221;off&#8221; global_colors_info=&#8221;{}&#8221; theme_builder_area=&#8221;post_content&#8221;]<\/p>\n<h2><span>Passeios em Grupo Privados e Pacotes<\/span><\/h2>\n<p>[\/et_pb_text][et_pb_divider color=&#8221;#000000&#8243; divider_weight=&#8221;5px&#8221; _builder_version=&#8221;4.16&#8243; width=&#8221;150px&#8221; module_alignment=&#8221;center&#8221; locked=&#8221;off&#8221; global_colors_info=&#8221;{}&#8221; theme_builder_area=&#8221;post_content&#8221;][\/et_pb_divider][et_pb_text _builder_version=&#8221;4.23.1&#8243; text_font=&#8221;Lato||||||||&#8221; text_font_size=&#8221;18px&#8221; text_line_height=&#8221;1.8em&#8221; header_font=&#8221;||||||||&#8221; header_2_font=&#8221;||||||||&#8221; header_3_font=&#8221;Lato|900|||||||&#8221; header_3_font_size=&#8221;26px&#8221; header_3_line_height=&#8221;1.6em&#8221; background_color=&#8221;#ffffff&#8221; text_orientation=&#8221;justify&#8221; max_width=&#8221;800px&#8221; module_alignment=&#8221;center&#8221; custom_margin_tablet=&#8221;|||0px&#8221; custom_margin_phone=&#8221;-200px||&#8221; custom_margin_last_edited=&#8221;off|desktop&#8221; custom_padding=&#8221;50px|40px|50px|40px|true|true&#8221; custom_padding_tablet=&#8221;&#8221; custom_padding_phone=&#8221;30px|20px|30px|20px|true|true&#8221; custom_padding_last_edited=&#8221;on|desktop&#8221; text_font_size_tablet=&#8221;&#8221; text_font_size_phone=&#8221;15px&#8221; text_font_size_last_edited=&#8221;on|desktop&#8221; header_3_font_size_tablet=&#8221;20px&#8221; header_3_font_size_phone=&#8221;16px&#8221; header_3_font_size_last_edited=&#8221;on|desktop&#8221; custom_css_main_element=&#8221;position: relative;&#8221; box_shadow_style=&#8221;preset3&#8243; box_shadow_blur=&#8221;100px&#8221; box_shadow_color=&#8221;rgba(0,0,0,0.12)&#8221; text_text_align=&#8221;justify&#8221; locked=&#8221;off&#8221; global_colors_info=&#8221;{}&#8221; theme_builder_area=&#8221;post_content&#8221;]<\/p>\n<h3 style=\"text-align: center;\">Explore a Beleza Natural da Regi\u00e3o Peneda-Ger\u00eas<\/h3>\n<p style=\"text-align: justify;\"><span>Se est\u00e1 \u00e0 procura de uma experi\u00eancia emocionante ao ar livre em Ponte da Barca, n\u00e3o precisa de procurar mais. A <strong>Water Barca<\/strong> \u00e9 uma empresa especializada em atividades ao ar livre, oferecendo uma variedade de op\u00e7\u00f5es empolgantes para os amantes de aventura. Desde passeios de barco el\u00e9trico no rio Lima at\u00e9 aluguer de moto4, kayak, bicicletas ou gaivotas, encontrar\u00e1 tudo o que necessita para desfrutar de momentos inesquec\u00edveis na beleza natural da regi\u00e3o Peneda-Ger\u00eas.<\/span><\/p>\n<p>[\/et_pb_text][et_pb_button button_url=&#8221;@ET-DC@eyJkeW5hbWljIjp0cnVlLCJjb250ZW50IjoicG9zdF9saW5rX3VybF9wYWdlIiwic2V0dGluZ3MiOnsicG9zdF9pZCI6IjE0MSJ9fQ==@&#8221; button_text=&#8221;Fale Connosco&#8221; button_alignment=&#8221;center&#8221; _builder_version=&#8221;4.23.1&#8243; _dynamic_attributes=&#8221;button_url&#8221; custom_button=&#8221;on&#8221; button_text_size=&#8221;14px&#8221; button_text_color=&#8221;#FFFFFF&#8221; button_bg_color=&#8221;#53B6B3&#8243; button_border_color=&#8221;rgba(0,0,0,0)&#8221; button_border_radius=&#8221;0px&#8221; button_letter_spacing=&#8221;4px&#8221; button_font=&#8221;Lato|700||on|||||&#8221; button_icon=&#8221;&#x24;||divi||400&#8243; custom_margin=&#8221;40px||&#8221; custom_padding=&#8221;15px|40px|15px|40px|true|true&#8221; locked=&#8221;off&#8221; global_colors_info=&#8221;{}&#8221; theme_builder_area=&#8221;post_content&#8221;][\/et_pb_button][\/et_pb_column][\/et_pb_row][\/et_pb_section]<\/p>\n","protected":false},"excerpt":{"rendered":"<p>Passeios de Jipe Projetados para agradar a todos, desde aventureiros em busca de emo\u00e7\u00f5es at\u00e9 fam\u00edlias, combinam a adrenalina da condu\u00e7\u00e3o off-road com paragens estrat\u00e9gicas para admirar a paisagem, tirar fotos incr\u00edveis e aprender sobre a fauna, flora e hist\u00f3ria da regi\u00e3o. Explore paisagens deslumbrantes,\u00a0trilhas empolgantes e locais de beleza natural inigual\u00e1vel enquanto atravessa terrenos [&hellip;]<\/p>\n","protected":false},"author":1,"featured_media":125,"parent":0,"menu_order":0,"comment_status":"closed","ping_status":"closed","template":"","meta":{"_et_pb_use_builder":"on","_et_pb_old_content":"","_et_gb_content_width":"","footnotes":""},"class_list":["post-213","page","type-page","status-publish","has-post-thumbnail","hentry"],"yoast_head":"<!-- This site is optimized with the Yoast SEO plugin v27.3 - https:\/\/yoast.com\/product\/yoast-seo-wordpress\/ -->\n<title>Jipes - Water Barca<\/title>\n<meta name=\"robots\" content=\"index, follow, max-snippet:-1, max-image-preview:large, max-video-preview:-1\" \/>\n<link rel=\"canonical\" href=\"https:\/\/waterbarca.com\/fr\/jeeps\/\" \/>\n<meta property=\"og:locale\" content=\"fr_FR\" \/>\n<meta property=\"og:type\" content=\"article\" \/>\n<meta property=\"og:title\" content=\"Jipes - Water Barca\" \/>\n<meta property=\"og:description\" content=\"Passeios de Jipe Projetados para agradar a todos, desde aventureiros em busca de emo\u00e7\u00f5es at\u00e9 fam\u00edlias, combinam a adrenalina da condu\u00e7\u00e3o off-road com paragens estrat\u00e9gicas para admirar a paisagem, tirar fotos incr\u00edveis e aprender sobre a fauna, flora e hist\u00f3ria da regi\u00e3o. Explore paisagens deslumbrantes,\u00a0trilhas empolgantes e locais de beleza natural inigual\u00e1vel enquanto atravessa terrenos [&hellip;]\" \/>\n<meta property=\"og:url\" content=\"https:\/\/waterbarca.com\/fr\/jeeps\/\" \/>\n<meta property=\"og:site_name\" content=\"Water Barca\" \/>\n<meta property=\"article:publisher\" content=\"https:\/\/www.facebook.com\/profile.php?id=100090555750092\" \/>\n<meta property=\"article:modified_time\" content=\"2023-12-20T15:07:48+00:00\" \/>\n<meta property=\"og:image\" content=\"https:\/\/waterbarca.com\/wp-content\/uploads\/2023\/11\/jipe.jpg\" \/>\n\t<meta property=\"og:image:width\" content=\"800\" \/>\n\t<meta property=\"og:image:height\" content=\"500\" \/>\n\t<meta property=\"og:image:type\" content=\"image\/jpeg\" \/>\n<meta name=\"twitter:card\" content=\"summary_large_image\" \/>\n<meta name=\"twitter:label1\" content=\"Dur\u00e9e de lecture estim\u00e9e\" \/>\n\t<meta name=\"twitter:data1\" content=\"8 minutes\" \/>\n<script type=\"application\/ld+json\" class=\"yoast-schema-graph\">{\"@context\":\"https:\\\/\\\/schema.org\",\"@graph\":[{\"@type\":\"WebPage\",\"@id\":\"https:\\\/\\\/waterbarca.com\\\/jipes\\\/\",\"url\":\"https:\\\/\\\/waterbarca.com\\\/jipes\\\/\",\"name\":\"Jipes - Water Barca\",\"isPartOf\":{\"@id\":\"https:\\\/\\\/waterbarca.com\\\/#website\"},\"primaryImageOfPage\":{\"@id\":\"https:\\\/\\\/waterbarca.com\\\/jipes\\\/#primaryimage\"},\"image\":{\"@id\":\"https:\\\/\\\/waterbarca.com\\\/jipes\\\/#primaryimage\"},\"thumbnailUrl\":\"https:\\\/\\\/waterbarca.com\\\/wp-content\\\/uploads\\\/2023\\\/11\\\/jipe.jpg\",\"datePublished\":\"2023-12-20T10:53:54+00:00\",\"dateModified\":\"2023-12-20T15:07:48+00:00\",\"breadcrumb\":{\"@id\":\"https:\\\/\\\/waterbarca.com\\\/jipes\\\/#breadcrumb\"},\"inLanguage\":\"fr-FR\",\"potentialAction\":[{\"@type\":\"ReadAction\",\"target\":[\"https:\\\/\\\/waterbarca.com\\\/jipes\\\/\"]}]},{\"@type\":\"ImageObject\",\"inLanguage\":\"fr-FR\",\"@id\":\"https:\\\/\\\/waterbarca.com\\\/jipes\\\/#primaryimage\",\"url\":\"https:\\\/\\\/waterbarca.com\\\/wp-content\\\/uploads\\\/2023\\\/11\\\/jipe.jpg\",\"contentUrl\":\"https:\\\/\\\/waterbarca.com\\\/wp-content\\\/uploads\\\/2023\\\/11\\\/jipe.jpg\",\"width\":800,\"height\":500},{\"@type\":\"BreadcrumbList\",\"@id\":\"https:\\\/\\\/waterbarca.com\\\/jipes\\\/#breadcrumb\",\"itemListElement\":[{\"@type\":\"ListItem\",\"position\":1,\"name\":\"In\u00edcio\",\"item\":\"https:\\\/\\\/waterbarca.com\\\/pt_pt\\\/\"},{\"@type\":\"ListItem\",\"position\":2,\"name\":\"Jipes\"}]},{\"@type\":\"WebSite\",\"@id\":\"https:\\\/\\\/waterbarca.com\\\/#website\",\"url\":\"https:\\\/\\\/waterbarca.com\\\/\",\"name\":\"Water Barca\",\"description\":\"Organiza\u00e7\u00e3o de atividades tur\u00edsticas e de lazer ao ar livre\",\"publisher\":{\"@id\":\"https:\\\/\\\/waterbarca.com\\\/#organization\"},\"potentialAction\":[{\"@type\":\"SearchAction\",\"target\":{\"@type\":\"EntryPoint\",\"urlTemplate\":\"https:\\\/\\\/waterbarca.com\\\/?s={search_term_string}\"},\"query-input\":{\"@type\":\"PropertyValueSpecification\",\"valueRequired\":true,\"valueName\":\"search_term_string\"}}],\"inLanguage\":\"fr-FR\"},{\"@type\":\"Organization\",\"@id\":\"https:\\\/\\\/waterbarca.com\\\/#organization\",\"name\":\"Water Barca\",\"url\":\"https:\\\/\\\/waterbarca.com\\\/\",\"logo\":{\"@type\":\"ImageObject\",\"inLanguage\":\"fr-FR\",\"@id\":\"https:\\\/\\\/waterbarca.com\\\/#\\\/schema\\\/logo\\\/image\\\/\",\"url\":\"https:\\\/\\\/waterbarca.com\\\/wp-content\\\/uploads\\\/2023\\\/10\\\/cropped-favicon-wb.png\",\"contentUrl\":\"https:\\\/\\\/waterbarca.com\\\/wp-content\\\/uploads\\\/2023\\\/10\\\/cropped-favicon-wb.png\",\"width\":512,\"height\":512,\"caption\":\"Water Barca\"},\"image\":{\"@id\":\"https:\\\/\\\/waterbarca.com\\\/#\\\/schema\\\/logo\\\/image\\\/\"},\"sameAs\":[\"https:\\\/\\\/www.facebook.com\\\/profile.php?id=100090555750092\",\"https:\\\/\\\/www.tiktok.com\\\/@water.barca\",\"https:\\\/\\\/www.instagram.com\\\/waterbarca\\\/\"]}]}<\/script>\n<!-- \/ Yoast SEO plugin. -->","yoast_head_json":{"title":"Jeeps - Barca d'eau","robots":{"index":"index","follow":"follow","max-snippet":"max-snippet:-1","max-image-preview":"max-image-preview:large","max-video-preview":"max-video-preview:-1"},"canonical":"https:\/\/waterbarca.com\/fr\/jeeps\/","og_locale":"fr_FR","og_type":"article","og_title":"Jipes - Water Barca","og_description":"Passeios de Jipe Projetados para agradar a todos, desde aventureiros em busca de emo\u00e7\u00f5es at\u00e9 fam\u00edlias, combinam a adrenalina da condu\u00e7\u00e3o off-road com paragens estrat\u00e9gicas para admirar a paisagem, tirar fotos incr\u00edveis e aprender sobre a fauna, flora e hist\u00f3ria da regi\u00e3o. Explore paisagens deslumbrantes,\u00a0trilhas empolgantes e locais de beleza natural inigual\u00e1vel enquanto atravessa terrenos [&hellip;]","og_url":"https:\/\/waterbarca.com\/fr\/jeeps\/","og_site_name":"Water Barca","article_publisher":"https:\/\/www.facebook.com\/profile.php?id=100090555750092","article_modified_time":"2023-12-20T15:07:48+00:00","og_image":[{"width":800,"height":500,"url":"https:\/\/waterbarca.com\/wp-content\/uploads\/2023\/11\/jipe.jpg","type":"image\/jpeg"}],"twitter_card":"summary_large_image","twitter_misc":{"Dur\u00e9e de lecture estim\u00e9e":"8 minutes"},"schema":{"@context":"https:\/\/schema.org","@graph":[{"@type":"WebPage","@id":"https:\/\/waterbarca.com\/jipes\/","url":"https:\/\/waterbarca.com\/jipes\/","name":"Jeeps - Barca d'eau","isPartOf":{"@id":"https:\/\/waterbarca.com\/#website"},"primaryImageOfPage":{"@id":"https:\/\/waterbarca.com\/jipes\/#primaryimage"},"image":{"@id":"https:\/\/waterbarca.com\/jipes\/#primaryimage"},"thumbnailUrl":"https:\/\/waterbarca.com\/wp-content\/uploads\/2023\/11\/jipe.jpg","datePublished":"2023-12-20T10:53:54+00:00","dateModified":"2023-12-20T15:07:48+00:00","breadcrumb":{"@id":"https:\/\/waterbarca.com\/jipes\/#breadcrumb"},"inLanguage":"fr-FR","potentialAction":[{"@type":"ReadAction","target":["https:\/\/waterbarca.com\/jipes\/"]}]},{"@type":"ImageObject","inLanguage":"fr-FR","@id":"https:\/\/waterbarca.com\/jipes\/#primaryimage","url":"https:\/\/waterbarca.com\/wp-content\/uploads\/2023\/11\/jipe.jpg","contentUrl":"https:\/\/waterbarca.com\/wp-content\/uploads\/2023\/11\/jipe.jpg","width":800,"height":500},{"@type":"BreadcrumbList","@id":"https:\/\/waterbarca.com\/jipes\/#breadcrumb","itemListElement":[{"@type":"ListItem","position":1,"name":"In\u00edcio","item":"https:\/\/waterbarca.com\/pt_pt\/"},{"@type":"ListItem","position":2,"name":"Jipes"}]},{"@type":"WebSite","@id":"https:\/\/waterbarca.com\/#website","url":"https:\/\/waterbarca.com\/","name":"Water Barca","description":"Organisation d'activit\u00e9s touristiques et de loisirs en plein air","publisher":{"@id":"https:\/\/waterbarca.com\/#organization"},"potentialAction":[{"@type":"SearchAction","target":{"@type":"EntryPoint","urlTemplate":"https:\/\/waterbarca.com\/?s={search_term_string}"},"query-input":{"@type":"PropertyValueSpecification","valueRequired":true,"valueName":"search_term_string"}}],"inLanguage":"fr-FR"},{"@type":"Organization","@id":"https:\/\/waterbarca.com\/#organization","name":"Water Barca","url":"https:\/\/waterbarca.com\/","logo":{"@type":"ImageObject","inLanguage":"fr-FR","@id":"https:\/\/waterbarca.com\/#\/schema\/logo\/image\/","url":"https:\/\/waterbarca.com\/wp-content\/uploads\/2023\/10\/cropped-favicon-wb.png","contentUrl":"https:\/\/waterbarca.com\/wp-content\/uploads\/2023\/10\/cropped-favicon-wb.png","width":512,"height":512,"caption":"Water Barca"},"image":{"@id":"https:\/\/waterbarca.com\/#\/schema\/logo\/image\/"},"sameAs":["https:\/\/www.facebook.com\/profile.php?id=100090555750092","https:\/\/www.tiktok.com\/@water.barca","https:\/\/www.instagram.com\/waterbarca\/"]}]}},"_links":{"self":[{"href":"https:\/\/waterbarca.com\/fr\/wp-json\/wp\/v2\/pages\/213","targetHints":{"allow":["GET"]}}],"collection":[{"href":"https:\/\/waterbarca.com\/fr\/wp-json\/wp\/v2\/pages"}],"about":[{"href":"https:\/\/waterbarca.com\/fr\/wp-json\/wp\/v2\/types\/page"}],"author":[{"embeddable":true,"href":"https:\/\/waterbarca.com\/fr\/wp-json\/wp\/v2\/users\/1"}],"replies":[{"embeddable":true,"href":"https:\/\/waterbarca.com\/fr\/wp-json\/wp\/v2\/comments?post=213"}],"version-history":[{"count":7,"href":"https:\/\/waterbarca.com\/fr\/wp-json\/wp\/v2\/pages\/213\/revisions"}],"predecessor-version":[{"id":274,"href":"https:\/\/waterbarca.com\/fr\/wp-json\/wp\/v2\/pages\/213\/revisions\/274"}],"wp:featuredmedia":[{"embeddable":true,"href":"https:\/\/waterbarca.com\/fr\/wp-json\/wp\/v2\/media\/125"}],"wp:attachment":[{"href":"https:\/\/waterbarca.com\/fr\/wp-json\/wp\/v2\/media?parent=213"}],"curies":[{"name":"wp","href":"https:\/\/api.w.org\/{rel}","templated":true}]}}