{"id":13,"date":"2023-10-04T13:54:30","date_gmt":"2023-10-04T13:54:30","guid":{"rendered":"https:\/\/waterbarca.com\/?page_id=13"},"modified":"2024-06-03T00:24:59","modified_gmt":"2024-06-03T00:24:59","slug":"inicio","status":"publish","type":"page","link":"https:\/\/waterbarca.com\/pt_pt\/","title":{"rendered":"In\u00edcio"},"content":{"rendered":"<p>[et_pb_section fb_built=&#8221;1&#8243; fullwidth=&#8221;on&#8221; _builder_version=&#8221;4.24.2&#8243; _module_preset=&#8221;default&#8221; background_video_mp4=&#8221;https:\/\/waterbarca.com\/wp-content\/uploads\/2024\/04\/waterb-header.mp4&#8243; top_divider_color=&#8221;#53B6B3&#8243; top_divider_height=&#8221;48px&#8221; top_divider_repeat=&#8221;1x&#8221; bottom_divider_style=&#8221;waves2&#8243; bottom_divider_color=&#8221;#53B6B3&#8243; global_colors_info=&#8221;{}&#8221;][et_pb_fullwidth_slider _builder_version=&#8221;4.25.1&#8243; _module_preset=&#8221;default&#8221; background_video_mp4=&#8221;https:\/\/waterbarca.com\/wp-content\/uploads\/2024\/05\/kayaks.mov&#8221; global_colors_info=&#8221;{}&#8221;][et_pb_slide heading=&#8221;Organiza\u00e7\u00e3o de atividades tur\u00edsticas&#8221; use_bg_overlay=&#8221;on&#8221; use_text_overlay=&#8221;off&#8221; _builder_version=&#8221;4.24.2&#8243; _module_preset=&#8221;default&#8221; background_image=&#8221;https:\/\/waterbarca.com\/wp-content\/uploads\/2023\/11\/EA1076AC-57A1-437C-96DD-DC1CC9292FA4-scaled.jpg&#8221; background_enable_image=&#8221;on&#8221; global_colors_info=&#8221;{}&#8221; sticky_transition=&#8221;on&#8221;][\/et_pb_slide][et_pb_slide heading=&#8221;Op\u00e7\u00f5es para os entusiastas de aventura&#8221; _builder_version=&#8221;4.24.2&#8243; _module_preset=&#8221;default&#8221; background_image=&#8221;https:\/\/waterbarca.com\/wp-content\/uploads\/2023\/10\/water-barca.jpg&#8221; background_enable_image=&#8221;on&#8221; global_colors_info=&#8221;{}&#8221; sticky_transition=&#8221;on&#8221;][\/et_pb_slide][et_pb_slide heading=&#8221;Experi\u00eancias emocionantes ao ar livre &#8221; _builder_version=&#8221;4.24.2&#8243; _module_preset=&#8221;default&#8221; global_colors_info=&#8221;{}&#8221; sticky_transition=&#8221;on&#8221;][\/et_pb_slide][\/et_pb_fullwidth_slider][\/et_pb_section][et_pb_section fb_built=&#8221;1&#8243; next_background_color=&#8221;gcid-54b5676b-9669-4b53-a686-64b492265314&#8243; module_id=&#8221;sobre&#8221; _builder_version=&#8221;4.22.2&#8243; _module_preset=&#8221;default&#8221; background_color=&#8221;gcid-38d8b95c-3717-43e9-98c1-80d0d83a7ab4&#8243; bottom_divider_style=&#8221;arrow&#8221; global_colors_info=&#8221;{%22gcid-38d8b95c-3717-43e9-98c1-80d0d83a7ab4%22:%91%22background_color%22%93}&#8221;][et_pb_row _builder_version=&#8221;4.22.2&#8243; _module_preset=&#8221;default&#8221; global_colors_info=&#8221;{}&#8221;][et_pb_column type=&#8221;4_4&#8243; _builder_version=&#8221;4.22.2&#8243; _module_preset=&#8221;default&#8221; global_colors_info=&#8221;{}&#8221;][et_pb_text _builder_version=&#8221;4.22.2&#8243; _module_preset=&#8221;default&#8221; text_font=&#8221;Lato||||||||&#8221; text_text_color=&#8221;#FFFFFF&#8221; text_font_size=&#8221;2em&#8221; text_orientation=&#8221;center&#8221; global_colors_info=&#8221;{}&#8221;]<\/p>\n<p>WATER BARCA<\/p>\n<p>[\/et_pb_text][et_pb_text _builder_version=&#8221;4.25.1&#8243; _module_preset=&#8221;default&#8221; text_font=&#8221;Lato||||||||&#8221; text_text_color=&#8221;#FFFFFF&#8221; text_font_size=&#8221;1.2em&#8221; text_orientation=&#8221;center&#8221; width=&#8221;65%&#8221; module_alignment=&#8221;center&#8221; hover_enabled=&#8221;0&#8243; global_colors_info=&#8221;{}&#8221; sticky_enabled=&#8221;0&#8243;]<\/p>\n<p style=\"text-align: justify;\"><span>A <strong>Water Barca<\/strong> \u00e9 uma empresa especializada em atividades ao ar livre que oferece uma diversidade de empolgantes op\u00e7\u00f5es para os entusiastas de aventura. Desde passeios de barco el\u00e9trico no rio Lima at\u00e9 aluguer de moto4, kayak, bicicletas ou gaivotas, encontrar\u00e1 tudo o que necessita para desfrutar de momentos inesquec\u00edveis na beleza natural desta regi\u00e3o <\/span>verdejante \u00e0 beira do Rio Lima, encostada ao Parque Nacional da Peneda-Ger\u00eas<\/p>\n<p>[\/et_pb_text][\/et_pb_column][\/et_pb_row][\/et_pb_section][et_pb_section fb_built=&#8221;1&#8243; module_id=&#8221;servicos&#8221; _builder_version=&#8221;4.22.2&#8243; _module_preset=&#8221;default&#8221; background_color=&#8221;gcid-54b5676b-9669-4b53-a686-64b492265314&#8243; global_colors_info=&#8221;{%22gcid-54b5676b-9669-4b53-a686-64b492265314%22:%91%22background_color%22%93}&#8221;][et_pb_row use_custom_gutter=&#8221;on&#8221; make_equal=&#8221;on&#8221; _builder_version=&#8221;4.23.1&#8243; _module_preset=&#8221;default&#8221; width=&#8221;100%&#8221; max_width=&#8221;100%&#8221; global_colors_info=&#8221;{}&#8221;][et_pb_column type=&#8221;4_4&#8243; _builder_version=&#8221;4.23.1&#8243; _module_preset=&#8221;default&#8221; global_colors_info=&#8221;{}&#8221;][ds_carousel container_padding=&#8221;30px|30px|30px|30px|false|false&#8221; effect=&#8221;coverflow&#8221; shadow_overlay_color=&#8221;#53B6B3&#8243; loop=&#8221;on&#8221; autoplay=&#8221;on&#8221; centered=&#8221;on&#8221; _builder_version=&#8221;4.23.1&#8243; _module_preset=&#8221;default&#8221; title_font=&#8221;|||on|||||&#8221; title_text_color=&#8221;#FFFFFF&#8221; title_font_size=&#8221;2em&#8221; desc_font_size=&#8221;1em&#8221; custom_button=&#8221;on&#8221; button_text_size=&#8221;1em&#8221; button_text_color=&#8221;#FFFFFF&#8221; button_bg_color=&#8221;rgba(83,182,179,0.5)&#8221; button_font=&#8221;|||on|||||&#8221; button_custom_margin=&#8221;5vh||||false|false&#8221; title_text_shadow_style=&#8221;preset3&#8243; title_text_shadow_color=&#8221;#7c7c7c&#8221; border_color_all=&#8221;#53B6B3&#8243; border_radii_item=&#8221;on|5px|5px|5px|5px&#8221; global_colors_info=&#8221;{}&#8221;][ds_carousel_child label=&#8221;Barcos&#8221; img_src=&#8221;https:\/\/waterbarca.com\/wp-content\/uploads\/2023\/11\/icon-boat-01.svg&#8221; img_alt=&#8221;Barcos&#8221; title_text=&#8221;Barcos&#8221; desc_text=&#8221;<\/p>\n<p><span>Os barcos el\u00e9tricos da <\/span><strong>Water Barca<\/strong><span> oferecem a oportunidade ideal para explorar a magn\u00edfica beleza natural de Ponte da Barca, <\/span><strong>equipados com motor el\u00e9ctrico, amigo do ambiente, com zero de emiss\u00f5es de CO2 e totalmente silencioso. <\/strong><span>Navegue sem \u201cpegada ecol\u00f3gica\u201d por este para\u00edso de margens verdejantes onde a natureza foi generosa.<\/span><\/p>\n<p>&#8221; show_button=&#8221;on&#8221; carousel_button_text=&#8221;Saiba mais&#8221; button_link=&#8221;https:\/\/waterbarca.com\/index.php\/barcos\/&#8221; img_width=&#8221;50%&#8221; _builder_version=&#8221;4.23.1&#8243; _module_preset=&#8221;default&#8221; title_font=&#8221;|700||on|||||&#8221; title_text_color=&#8221;#FFFFFF&#8221; title_font_size=&#8221;2em&#8221; desc_text_color=&#8221;#FFFFFF&#8221; desc_letter_spacing=&#8221;0px&#8221; desc_line_height=&#8221;1.5em&#8221; use_background_color_gradient=&#8221;on&#8221; background_color_gradient_stops=&#8221;#2b2b2b 0%|rgba(255,255,255,0) 100%&#8221; background_color_gradient_overlays_image=&#8221;on&#8221; background_image=&#8221;https:\/\/waterbarca.com\/wp-content\/uploads\/2023\/11\/5febb778-bd55-4c3f-8a23-8a6d03044c9d_out-1600&#215;992.jpg&#8221; background_enable_image=&#8221;on&#8221; custom_padding=&#8221;20px||20px||true|false&#8221; desc_text_shadow_style=&#8221;preset3&#8243; border_color_all_img=&#8221;RGBA(255,255,255,0)&#8221; box_shadow_style=&#8221;preset3&#8243; box_shadow_color=&#8221;#afafaf&#8221; box_shadow_style_img=&#8221;preset1&#8243; box_shadow_color_img=&#8221;#000000&#8243; global_colors_info=&#8221;{}&#8221; background__hover_enabled=&#8221;on|hover&#8221; background_image__hover=&#8221;&#8221; background_enable_image__hover=&#8221;off&#8221; background_color__hover=&#8221;rgba(83,182,179,0.6)&#8221; background_enable_color__hover=&#8221;on&#8221;][\/ds_carousel_child][ds_carousel_child label=&#8221;Jipes&#8221; img_src=&#8221;https:\/\/waterbarca.com\/wp-content\/uploads\/2023\/11\/icon-jipe-02.svg&#8221; img_alt=&#8221;Jipes&#8221; title_text=&#8221;jipes&#8221; desc_text=&#8221;<\/p>\n<p class=%22pageTitle xxsmall-12%22><strong>Explore paisagens deslumbrantes,<\/strong><span> <\/span>trilhas empolgantes e locais de beleza natural inigual\u00e1vel enquanto atravessa terrenos dif\u00edceis.<\/p>\n<p>Os passeios de jipe s\u00e3o projetados para agradar a todos, desde aventureiros em busca de emo\u00e7\u00f5es at\u00e9 fam\u00edlias que desejam desfrutar de uma experi\u00eancia divertida e educativa.<span> <\/span><strong>Combinam a adrenalina da condu\u00e7\u00e3o off-road com paragens estrat\u00e9gicas para admirar a paisagem, tirar fotos incr\u00edveis e aprender sobre a fauna, flora e hist\u00f3ria da regi\u00e3o.<\/strong><\/p>\n<p>&#8221; show_button=&#8221;on&#8221; carousel_button_text=&#8221;Saiba Mais&#8221; button_link=&#8221;https:\/\/waterbarca.com\/index.php\/jipes\/&#8221; img_width=&#8221;50%&#8221; _builder_version=&#8221;4.23.1&#8243; _module_preset=&#8221;default&#8221; title_text_color=&#8221;#FFFFFF&#8221; title_font_size=&#8221;2em&#8221; desc_text_color=&#8221;#FFFFFF&#8221; desc_letter_spacing=&#8221;0px&#8221; desc_line_height=&#8221;1.5em&#8221; use_background_color_gradient=&#8221;on&#8221; background_color_gradient_stops=&#8221;#2b2b2b 0%|rgba(255,255,255,0) 100%&#8221; background_color_gradient_overlays_image=&#8221;on&#8221; background_image=&#8221;https:\/\/waterbarca.com\/wp-content\/uploads\/2023\/11\/5febb778-bd55-4c3f-8a23-8a6d03044c9d_out-1600&#215;992.jpg&#8221; background_enable_image=&#8221;on&#8221; custom_padding=&#8221;20px||20px||true|false&#8221; border_color_all_img=&#8221;RGBA(255,255,255,0)&#8221; box_shadow_style=&#8221;preset3&#8243; box_shadow_color=&#8221;#afafaf&#8221; box_shadow_style_img=&#8221;preset1&#8243; box_shadow_color_img=&#8221;#000000&#8243; global_colors_info=&#8221;{}&#8221; background__hover_enabled=&#8221;on|hover&#8221; background_image__hover=&#8221;&#8221; background_enable_image__hover=&#8221;off&#8221; background_color__hover=&#8221;rgba(83,182,179,0.6)&#8221; background_enable_color__hover=&#8221;on&#8221;][\/ds_carousel_child][ds_carousel_child label=&#8221;moto4&#8243; img_src=&#8221;https:\/\/waterbarca.com\/wp-content\/uploads\/2023\/11\/icon-mota4-04.svg&#8221; img_alt=&#8221;Moto4&#8243; title_text=&#8221;Moto 4&#8243; desc_text=&#8221;<\/p>\n<p><strong>Se \u00e9 um entusiasta de emo\u00e7\u00f5es fortes, as<span> <\/span><a href=%22https:\/\/agendaculturalminho.pt\/2023\/11\/10\/passeio-de-moto-4-no-geres\/%22>moto4<\/a><span> <\/span>s\u00e3o a escolha perfeita para si.<\/strong><span> Com trilhas emocionantes que atravessam as deslumbrantes paisagens de <\/span><strong>Ponte da Barca<\/strong><span>, acelere e desfrute de uma aventura inesquec\u00edvel. A equipa da <\/span><strong>Water Barca<\/strong><span> fornecer\u00e1 todas as orienta\u00e7\u00f5es e equipamentos necess\u00e1rios para garantir a sua seguran\u00e7a e divers\u00e3o durante todo o percurso.<\/span><\/p>\n<p>&#8221; show_button=&#8221;on&#8221; carousel_button_text=&#8221;Saiba mais&#8221; button_link=&#8221;https:\/\/waterbarca.com\/index.php\/moto-4\/&#8221; img_width=&#8221;50%&#8221; _builder_version=&#8221;4.23.1&#8243; _module_preset=&#8221;default&#8221; title_text_color=&#8221;#FFFFFF&#8221; title_font_size=&#8221;2em&#8221; desc_text_color=&#8221;#FFFFFF&#8221; desc_letter_spacing=&#8221;0px&#8221; desc_line_height=&#8221;1.5em&#8221; use_background_color_gradient=&#8221;on&#8221; background_color_gradient_stops=&#8221;#2b2b2b 0%|rgba(255,255,255,0) 100%&#8221; background_color_gradient_overlays_image=&#8221;on&#8221; background_image=&#8221;https:\/\/waterbarca.com\/wp-content\/uploads\/2023\/11\/5febb778-bd55-4c3f-8a23-8a6d03044c9d_out-1600&#215;992.jpg&#8221; background_enable_image=&#8221;on&#8221; custom_padding=&#8221;20px||20px||true|false&#8221; border_color_all_img=&#8221;RGBA(255,255,255,0)&#8221; box_shadow_style=&#8221;preset3&#8243; box_shadow_color=&#8221;#afafaf&#8221; box_shadow_style_img=&#8221;preset1&#8243; box_shadow_color_img=&#8221;#000000&#8243; global_colors_info=&#8221;{}&#8221; background__hover_enabled=&#8221;on|hover&#8221; background_image__hover=&#8221;&#8221; background_enable_image__hover=&#8221;off&#8221; background_color__hover=&#8221;rgba(83,182,179,0.6)&#8221; background_enable_color__hover=&#8221;on&#8221;][\/ds_carousel_child][ds_carousel_child label=&#8221;bicicleta&#8221; img_src=&#8221;https:\/\/waterbarca.com\/wp-content\/uploads\/2023\/11\/icon-bike-03.svg&#8221; img_alt=&#8221;Bicicletas&#8221; title_text=&#8221;Bicicletas&#8221; desc_text=&#8221;<\/p>\n<p><strong>Pedalar pelas estradas e trilhos c\u00e9nicos de Ponte da Barca \u00e9 uma experi\u00eancia \u00fanica<\/strong><span> que permite descobrir a regi\u00e3o de uma forma aut\u00eantica. Com o aluguer de bicicletas da <\/span><strong>Water Barca<\/strong><span>, pode explorar os encantos naturais desta regi\u00e3o enquanto<\/span><strong><span> <\/span>realiza exerc\u00edcio f\u00edsico.<\/strong><span> Tem \u00e0 disposi\u00e7\u00e3o uma variedade de bicicletas, <\/span><strong>desde modelos de BTT at\u00e9 bicicletas el\u00e9tricas, adequadas para todos os n\u00edveis de habilidade e prefer\u00eancias pessoais.<\/strong><\/p>\n<p>&#8221; show_button=&#8221;on&#8221; carousel_button_text=&#8221;Saiba mais&#8221; button_link=&#8221;https:\/\/waterbarca.com\/index.php\/bicicleta\/&#8221; img_width=&#8221;50%&#8221; _builder_version=&#8221;4.23.1&#8243; _module_preset=&#8221;default&#8221; title_text_color=&#8221;#FFFFFF&#8221; title_font_size=&#8221;2em&#8221; desc_text_color=&#8221;#FFFFFF&#8221; desc_letter_spacing=&#8221;0px&#8221; desc_line_height=&#8221;1.5em&#8221; use_background_color_gradient=&#8221;on&#8221; background_color_gradient_stops=&#8221;#2b2b2b 0%|rgba(255,255,255,0) 100%&#8221; background_color_gradient_overlays_image=&#8221;on&#8221; background_image=&#8221;https:\/\/waterbarca.com\/wp-content\/uploads\/2023\/11\/5febb778-bd55-4c3f-8a23-8a6d03044c9d_out-1600&#215;992.jpg&#8221; background_enable_image=&#8221;on&#8221; custom_padding=&#8221;20px||20px||true|false&#8221; border_color_all_img=&#8221;RGBA(255,255,255,0)&#8221; box_shadow_style=&#8221;preset3&#8243; box_shadow_color=&#8221;#afafaf&#8221; box_shadow_style_img=&#8221;preset1&#8243; box_shadow_color_img=&#8221;#000000&#8243; global_colors_info=&#8221;{}&#8221; background__hover_enabled=&#8221;on|hover&#8221; background_image__hover=&#8221;&#8221; background_enable_image__hover=&#8221;off&#8221; background_color__hover=&#8221;rgba(83,182,179,0.6)&#8221; background_enable_color__hover=&#8221;on&#8221;][\/ds_carousel_child][\/ds_carousel][\/et_pb_column][\/et_pb_row][\/et_pb_section]<\/p>\n","protected":false},"excerpt":{"rendered":"<p>WATER BARCAA Water Barca \u00e9 uma empresa especializada em atividades ao ar livre que oferece uma diversidade de empolgantes op\u00e7\u00f5es para os entusiastas de aventura. Desde passeios de barco el\u00e9trico no rio Lima at\u00e9 aluguer de moto4, kayak, bicicletas ou gaivotas, encontrar\u00e1 tudo o que necessita para desfrutar de momentos inesquec\u00edveis na beleza natural desta [&hellip;]<\/p>\n","protected":false},"author":1,"featured_media":0,"parent":0,"menu_order":0,"comment_status":"closed","ping_status":"closed","template":"","meta":{"_et_pb_use_builder":"on","_et_pb_old_content":"","_et_gb_content_width":"","footnotes":""},"class_list":["post-13","page","type-page","status-publish","hentry"],"yoast_head":"<!-- This site is optimized with the Yoast SEO plugin v27.3 - https:\/\/yoast.com\/product\/yoast-seo-wordpress\/ -->\n<title>In\u00edcio - Water Barca<\/title>\n<meta name=\"robots\" content=\"index, follow, max-snippet:-1, max-image-preview:large, max-video-preview:-1\" \/>\n<link rel=\"canonical\" href=\"https:\/\/waterbarca.com\/pt_pt\/\" \/>\n<meta property=\"og:locale\" content=\"pt_PT\" \/>\n<meta property=\"og:type\" content=\"article\" \/>\n<meta property=\"og:title\" content=\"In\u00edcio - Water Barca\" \/>\n<meta property=\"og:description\" content=\"WATER BARCAA Water Barca \u00e9 uma empresa especializada em atividades ao ar livre que oferece uma diversidade de empolgantes op\u00e7\u00f5es para os entusiastas de aventura. Desde passeios de barco el\u00e9trico no rio Lima at\u00e9 aluguer de moto4, kayak, bicicletas ou gaivotas, encontrar\u00e1 tudo o que necessita para desfrutar de momentos inesquec\u00edveis na beleza natural desta [&hellip;]\" \/>\n<meta property=\"og:url\" content=\"https:\/\/waterbarca.com\/pt_pt\/\" \/>\n<meta property=\"og:site_name\" content=\"Water Barca\" \/>\n<meta property=\"article:publisher\" content=\"https:\/\/www.facebook.com\/profile.php?id=100090555750092\" \/>\n<meta property=\"article:modified_time\" content=\"2024-06-03T00:24:59+00:00\" \/>\n<meta property=\"og:image\" content=\"https:\/\/waterbarca.com\/wp-content\/uploads\/2023\/10\/cropped-favicon-wb.png\" \/>\n\t<meta property=\"og:image:width\" content=\"512\" \/>\n\t<meta property=\"og:image:height\" content=\"512\" \/>\n\t<meta property=\"og:image:type\" content=\"image\/png\" \/>\n<meta name=\"twitter:card\" content=\"summary_large_image\" \/>\n<meta name=\"twitter:label1\" content=\"Tempo estimado de leitura\" \/>\n\t<meta name=\"twitter:data1\" content=\"3 minutos\" \/>\n<script type=\"application\/ld+json\" class=\"yoast-schema-graph\">{\"@context\":\"https:\\\/\\\/schema.org\",\"@graph\":[{\"@type\":\"WebPage\",\"@id\":\"https:\\\/\\\/waterbarca.com\\\/pt_pt\\\/\",\"url\":\"https:\\\/\\\/waterbarca.com\\\/pt_pt\\\/\",\"name\":\"In\u00edcio - Water Barca\",\"isPartOf\":{\"@id\":\"https:\\\/\\\/waterbarca.com\\\/#website\"},\"datePublished\":\"2023-10-04T13:54:30+00:00\",\"dateModified\":\"2024-06-03T00:24:59+00:00\",\"breadcrumb\":{\"@id\":\"https:\\\/\\\/waterbarca.com\\\/pt_pt\\\/#breadcrumb\"},\"inLanguage\":\"pt-PT\",\"potentialAction\":[{\"@type\":\"ReadAction\",\"target\":[\"https:\\\/\\\/waterbarca.com\\\/pt_pt\\\/\"]}]},{\"@type\":\"BreadcrumbList\",\"@id\":\"https:\\\/\\\/waterbarca.com\\\/pt_pt\\\/#breadcrumb\",\"itemListElement\":[{\"@type\":\"ListItem\",\"position\":1,\"name\":\"In\u00edcio\",\"item\":\"https:\\\/\\\/waterbarca.com\\\/pt_pt\\\/\"},{\"@type\":\"ListItem\",\"position\":2,\"name\":\"In\u00edcio\"}]},{\"@type\":\"WebSite\",\"@id\":\"https:\\\/\\\/waterbarca.com\\\/#website\",\"url\":\"https:\\\/\\\/waterbarca.com\\\/\",\"name\":\"Water Barca\",\"description\":\"Organiza\u00e7\u00e3o de atividades tur\u00edsticas e de lazer ao ar livre\",\"publisher\":{\"@id\":\"https:\\\/\\\/waterbarca.com\\\/#organization\"},\"potentialAction\":[{\"@type\":\"SearchAction\",\"target\":{\"@type\":\"EntryPoint\",\"urlTemplate\":\"https:\\\/\\\/waterbarca.com\\\/?s={search_term_string}\"},\"query-input\":{\"@type\":\"PropertyValueSpecification\",\"valueRequired\":true,\"valueName\":\"search_term_string\"}}],\"inLanguage\":\"pt-PT\"},{\"@type\":\"Organization\",\"@id\":\"https:\\\/\\\/waterbarca.com\\\/#organization\",\"name\":\"Water Barca\",\"url\":\"https:\\\/\\\/waterbarca.com\\\/\",\"logo\":{\"@type\":\"ImageObject\",\"inLanguage\":\"pt-PT\",\"@id\":\"https:\\\/\\\/waterbarca.com\\\/#\\\/schema\\\/logo\\\/image\\\/\",\"url\":\"https:\\\/\\\/waterbarca.com\\\/wp-content\\\/uploads\\\/2023\\\/10\\\/cropped-favicon-wb.png\",\"contentUrl\":\"https:\\\/\\\/waterbarca.com\\\/wp-content\\\/uploads\\\/2023\\\/10\\\/cropped-favicon-wb.png\",\"width\":512,\"height\":512,\"caption\":\"Water Barca\"},\"image\":{\"@id\":\"https:\\\/\\\/waterbarca.com\\\/#\\\/schema\\\/logo\\\/image\\\/\"},\"sameAs\":[\"https:\\\/\\\/www.facebook.com\\\/profile.php?id=100090555750092\",\"https:\\\/\\\/www.tiktok.com\\\/@water.barca\",\"https:\\\/\\\/www.instagram.com\\\/waterbarca\\\/\"]}]}<\/script>\n<!-- \/ Yoast SEO plugin. -->","yoast_head_json":{"title":"In\u00edcio - Water Barca","robots":{"index":"index","follow":"follow","max-snippet":"max-snippet:-1","max-image-preview":"max-image-preview:large","max-video-preview":"max-video-preview:-1"},"canonical":"https:\/\/waterbarca.com\/pt_pt\/","og_locale":"pt_PT","og_type":"article","og_title":"In\u00edcio - Water Barca","og_description":"WATER BARCAA Water Barca \u00e9 uma empresa especializada em atividades ao ar livre que oferece uma diversidade de empolgantes op\u00e7\u00f5es para os entusiastas de aventura. Desde passeios de barco el\u00e9trico no rio Lima at\u00e9 aluguer de moto4, kayak, bicicletas ou gaivotas, encontrar\u00e1 tudo o que necessita para desfrutar de momentos inesquec\u00edveis na beleza natural desta [&hellip;]","og_url":"https:\/\/waterbarca.com\/pt_pt\/","og_site_name":"Water Barca","article_publisher":"https:\/\/www.facebook.com\/profile.php?id=100090555750092","article_modified_time":"2024-06-03T00:24:59+00:00","og_image":[{"width":512,"height":512,"url":"https:\/\/waterbarca.com\/wp-content\/uploads\/2023\/10\/cropped-favicon-wb.png","type":"image\/png"}],"twitter_card":"summary_large_image","twitter_misc":{"Tempo estimado de leitura":"3 minutos"},"schema":{"@context":"https:\/\/schema.org","@graph":[{"@type":"WebPage","@id":"https:\/\/waterbarca.com\/pt_pt\/","url":"https:\/\/waterbarca.com\/pt_pt\/","name":"In\u00edcio - Water Barca","isPartOf":{"@id":"https:\/\/waterbarca.com\/#website"},"datePublished":"2023-10-04T13:54:30+00:00","dateModified":"2024-06-03T00:24:59+00:00","breadcrumb":{"@id":"https:\/\/waterbarca.com\/pt_pt\/#breadcrumb"},"inLanguage":"pt-PT","potentialAction":[{"@type":"ReadAction","target":["https:\/\/waterbarca.com\/pt_pt\/"]}]},{"@type":"BreadcrumbList","@id":"https:\/\/waterbarca.com\/pt_pt\/#breadcrumb","itemListElement":[{"@type":"ListItem","position":1,"name":"In\u00edcio","item":"https:\/\/waterbarca.com\/pt_pt\/"},{"@type":"ListItem","position":2,"name":"In\u00edcio"}]},{"@type":"WebSite","@id":"https:\/\/waterbarca.com\/#website","url":"https:\/\/waterbarca.com\/","name":"Water Barca","description":"Organiza\u00e7\u00e3o de atividades tur\u00edsticas e de lazer ao ar livre","publisher":{"@id":"https:\/\/waterbarca.com\/#organization"},"potentialAction":[{"@type":"SearchAction","target":{"@type":"EntryPoint","urlTemplate":"https:\/\/waterbarca.com\/?s={search_term_string}"},"query-input":{"@type":"PropertyValueSpecification","valueRequired":true,"valueName":"search_term_string"}}],"inLanguage":"pt-PT"},{"@type":"Organization","@id":"https:\/\/waterbarca.com\/#organization","name":"Water Barca","url":"https:\/\/waterbarca.com\/","logo":{"@type":"ImageObject","inLanguage":"pt-PT","@id":"https:\/\/waterbarca.com\/#\/schema\/logo\/image\/","url":"https:\/\/waterbarca.com\/wp-content\/uploads\/2023\/10\/cropped-favicon-wb.png","contentUrl":"https:\/\/waterbarca.com\/wp-content\/uploads\/2023\/10\/cropped-favicon-wb.png","width":512,"height":512,"caption":"Water Barca"},"image":{"@id":"https:\/\/waterbarca.com\/#\/schema\/logo\/image\/"},"sameAs":["https:\/\/www.facebook.com\/profile.php?id=100090555750092","https:\/\/www.tiktok.com\/@water.barca","https:\/\/www.instagram.com\/waterbarca\/"]}]}},"_links":{"self":[{"href":"https:\/\/waterbarca.com\/pt_pt\/wp-json\/wp\/v2\/pages\/13","targetHints":{"allow":["GET"]}}],"collection":[{"href":"https:\/\/waterbarca.com\/pt_pt\/wp-json\/wp\/v2\/pages"}],"about":[{"href":"https:\/\/waterbarca.com\/pt_pt\/wp-json\/wp\/v2\/types\/page"}],"author":[{"embeddable":true,"href":"https:\/\/waterbarca.com\/pt_pt\/wp-json\/wp\/v2\/users\/1"}],"replies":[{"embeddable":true,"href":"https:\/\/waterbarca.com\/pt_pt\/wp-json\/wp\/v2\/comments?post=13"}],"version-history":[{"count":57,"href":"https:\/\/waterbarca.com\/pt_pt\/wp-json\/wp\/v2\/pages\/13\/revisions"}],"predecessor-version":[{"id":376,"href":"https:\/\/waterbarca.com\/pt_pt\/wp-json\/wp\/v2\/pages\/13\/revisions\/376"}],"wp:attachment":[{"href":"https:\/\/waterbarca.com\/pt_pt\/wp-json\/wp\/v2\/media?parent=13"}],"curies":[{"name":"wp","href":"https:\/\/api.w.org\/{rel}","templated":true}]}}